{"id":692,"date":"2025-06-04T22:55:01","date_gmt":"2025-06-04T22:55:01","guid":{"rendered":"https:\/\/laruidosaoficina.com\/?page_id=692"},"modified":"2025-06-05T18:25:57","modified_gmt":"2025-06-05T18:25:57","slug":"escritural","status":"publish","type":"page","link":"https:\/\/laruidosaoficina.com\/en\/escritural\/","title":{"rendered":"writing"},"content":{"rendered":"<div data-elementor-type=\"wp-page\" data-elementor-id=\"692\" class=\"elementor elementor-692\" data-elementor-post-type=\"page\">\n\t\t\t\t<div class=\"elementor-element elementor-element-e94321c e-con-full e-flex e-con e-parent\" data-id=\"e94321c\" data-element_type=\"container\" data-e-type=\"container\">\n\t\t<div class=\"elementor-element elementor-element-230cf71 e-flex e-con-boxed e-con e-child\" data-id=\"230cf71\" data-element_type=\"container\" data-e-type=\"container\" data-settings=\"{&quot;background_background&quot;:&quot;classic&quot;}\">\n\t\t\t\t\t<div class=\"e-con-inner\">\n\t\t\t\t<div class=\"elementor-element elementor-element-631ba73 elementor-widget elementor-widget-heading\" data-id=\"631ba73\" data-element_type=\"widget\" data-e-type=\"widget\" data-widget_type=\"heading.default\">\n\t\t\t\t<div class=\"elementor-widget-container\">\n\t\t\t\t\t<h1 class=\"elementor-heading-title elementor-size-default\">collective writting-based production<\/h1>\t\t\t\t<\/div>\n\t\t\t\t<\/div>\n\t\t<div class=\"elementor-element elementor-element-f2056e9 e-con-full e-flex e-con e-child\" data-id=\"f2056e9\" data-element_type=\"container\" data-e-type=\"container\">\n\t\t<div class=\"elementor-element elementor-element-a940328 e-con-full e-flex e-con e-child\" data-id=\"a940328\" data-element_type=\"container\" data-e-type=\"container\">\n\t\t\t\t<div class=\"elementor-element elementor-element-125b889 elementor-widget elementor-widget-image\" data-id=\"125b889\" data-element_type=\"widget\" data-e-type=\"widget\" data-widget_type=\"image.default\">\n\t\t\t\t<div class=\"elementor-widget-container\">\n\t\t\t\t\t\t\t\t\t\t\t\t\t\t\t<img fetchpriority=\"high\" decoding=\"async\" width=\"724\" height=\"1024\" src=\"https:\/\/laruidosaoficina.com\/wp-content\/uploads\/2025\/06\/1_1-6-724x1024.jpg\" class=\"attachment-large size-large wp-image-709\" alt=\"\" srcset=\"https:\/\/laruidosaoficina.com\/wp-content\/uploads\/2025\/06\/1_1-6-724x1024.jpg 724w, https:\/\/laruidosaoficina.com\/wp-content\/uploads\/2025\/06\/1_1-6-212x300.jpg 212w, https:\/\/laruidosaoficina.com\/wp-content\/uploads\/2025\/06\/1_1-6-768x1087.jpg 768w, https:\/\/laruidosaoficina.com\/wp-content\/uploads\/2025\/06\/1_1-6.jpg 1000w\" sizes=\"(max-width: 724px) 100vw, 724px\" \/>\t\t\t\t\t\t\t\t\t\t\t\t\t\t\t<\/div>\n\t\t\t\t<\/div>\n\t\t\t\t<div class=\"elementor-element elementor-element-fa1225c elementor-widget__width-inherit elementor-widget elementor-widget-text-editor\" data-id=\"fa1225c\" data-element_type=\"widget\" data-e-type=\"widget\" data-widget_type=\"text-editor.default\">\n\t\t\t\t<div class=\"elementor-widget-container\">\n\t\t\t\t\t\t\t\t\t<p><strong>Collective Geodynamics: Making by Uncovering the Power of Discomfort <\/strong><br \/><br \/>by Marga Sequeira Cabrera, Mariela Richmond, and Catalina Tenorio Vargas (LaRuidosaOficina).<\/p><p class=\"translation-block\">In Shake Before Use: Proximity and Reciprocity in Artistic\/Educational Practices, edited by Renata Cervetto, Macarena Hern\u00e1ndez, and Miguel A. L\u00f3pez. Temblores Publicaciones, 2023.<\/p><p><strong><a href=\"https:\/\/temblores.mx\/ag\u00edtese-antes-de-usar\" target=\"_blank\" rel=\"noopener\">AVAILABLE HERE<\/a><\/strong><\/p>\t\t\t\t\t\t\t\t<\/div>\n\t\t\t\t<\/div>\n\t\t\t\t<\/div>\n\t\t<div class=\"elementor-element elementor-element-4dd2cb5 e-con-full e-flex e-con e-child\" data-id=\"4dd2cb5\" data-element_type=\"container\" data-e-type=\"container\">\n\t\t\t\t<div class=\"elementor-element elementor-element-72dbea6 elementor-widget elementor-widget-image\" data-id=\"72dbea6\" data-element_type=\"widget\" data-e-type=\"widget\" data-widget_type=\"image.default\">\n\t\t\t\t<div class=\"elementor-widget-container\">\n\t\t\t\t\t\t\t\t\t\t\t\t\t\t\t<img decoding=\"async\" width=\"602\" height=\"938\" src=\"https:\/\/laruidosaoficina.com\/wp-content\/uploads\/2025\/06\/2-5.png\" class=\"attachment-large size-large wp-image-696\" alt=\"\" srcset=\"https:\/\/laruidosaoficina.com\/wp-content\/uploads\/2025\/06\/2-5.png 602w, https:\/\/laruidosaoficina.com\/wp-content\/uploads\/2025\/06\/2-5-193x300.png 193w\" sizes=\"(max-width: 602px) 100vw, 602px\" \/>\t\t\t\t\t\t\t\t\t\t\t\t\t\t\t<\/div>\n\t\t\t\t<\/div>\n\t\t\t\t<div class=\"elementor-element elementor-element-771d4a9 elementor-widget__width-inherit elementor-widget elementor-widget-text-editor\" data-id=\"771d4a9\" data-element_type=\"widget\" data-e-type=\"widget\" data-widget_type=\"text-editor.default\">\n\t\t\t\t<div class=\"elementor-widget-container\">\n\t\t\t\t\t\t\t\t\t<p><strong>6 Questions, 12 Answers: Micropolitics of Co-Management<\/strong><\/p><p>by LaRuidosaOficina (Marga Sequeira, Mariela Richmond, Catalina Tenorio) and Cuerpo Estrat\u00e9gico (Amado Cabrales, Hell\u00e8ne Aligant, Marcela B\u00f3rquez).<\/p><p>In BISAGRA: Empathetic Pedagogies. Artistic Indisciplines, under the editorial coordination of Marcela B\u00f3rquez and edited by Carlos Domville. Empathetic Pedagogies Network and TEOR\/\u00e9Tica, 2022.<\/p><p><strong><a href=\"https:\/\/pedagogiasempaticas.org\/material\/\" target=\"_blank\" rel=\"noopener\">AVAILABLE HERE<\/a><\/strong><\/p>\t\t\t\t\t\t\t\t<\/div>\n\t\t\t\t<\/div>\n\t\t\t\t<\/div>\n\t\t<div class=\"elementor-element elementor-element-bc6083c e-con-full e-flex e-con e-child\" data-id=\"bc6083c\" data-element_type=\"container\" data-e-type=\"container\">\n\t\t\t\t<div class=\"elementor-element elementor-element-9564ac4 elementor-widget elementor-widget-image\" data-id=\"9564ac4\" data-element_type=\"widget\" data-e-type=\"widget\" data-widget_type=\"image.default\">\n\t\t\t\t<div class=\"elementor-widget-container\">\n\t\t\t\t\t\t\t\t\t\t\t\t\t\t\t<img decoding=\"async\" width=\"769\" height=\"1024\" src=\"https:\/\/laruidosaoficina.com\/wp-content\/uploads\/2025\/06\/3_1-4-769x1024.jpg\" class=\"attachment-large size-large wp-image-708\" alt=\"\" srcset=\"https:\/\/laruidosaoficina.com\/wp-content\/uploads\/2025\/06\/3_1-4-769x1024.jpg 769w, https:\/\/laruidosaoficina.com\/wp-content\/uploads\/2025\/06\/3_1-4-225x300.jpg 225w, https:\/\/laruidosaoficina.com\/wp-content\/uploads\/2025\/06\/3_1-4-768x1022.jpg 768w, https:\/\/laruidosaoficina.com\/wp-content\/uploads\/2025\/06\/3_1-4.jpg 1000w\" sizes=\"(max-width: 769px) 100vw, 769px\" \/>\t\t\t\t\t\t\t\t\t\t\t\t\t\t\t<\/div>\n\t\t\t\t<\/div>\n\t\t\t\t<div class=\"elementor-element elementor-element-a5d7391 elementor-widget__width-inherit elementor-widget elementor-widget-text-editor\" data-id=\"a5d7391\" data-element_type=\"widget\" data-e-type=\"widget\" data-widget_type=\"text-editor.default\">\n\t\t\t\t<div class=\"elementor-widget-container\">\n\t\t\t\t\t\t\t\t\t<p><strong><em>On Giving Everything and Expecting Less: Confessions and Beliefs<\/em><\/strong><\/p><p>by Marga Sequeira Cabrera, Mariela Richmond Vargas, and Catalina Tenorio Vargas (LaRuidosaOficina).<\/p><p class=\"translation-block\">In Buchaca Digital Magazine, edited by Daniela Morales Lisac and Mar\u00eda Paola Malavasi Lachner. TEOR\/\u00e9Tica, 2021.<\/p><p><strong><a href=\"https:\/\/teoretica.org\/producto\/buchaca-2021\/\" target=\"_blank\" rel=\"noopener\">AVAILABLE HERE<\/a><\/strong><\/p>\t\t\t\t\t\t\t\t<\/div>\n\t\t\t\t<\/div>\n\t\t\t\t<\/div>\n\t\t\t\t<div class=\"elementor-element elementor-element-2b1d5e0 elementor-widget elementor-widget-heading\" data-id=\"2b1d5e0\" data-element_type=\"widget\" data-e-type=\"widget\" data-widget_type=\"heading.default\">\n\t\t\t\t<div class=\"elementor-widget-container\">\n\t\t\t\t\t<h1 class=\"elementor-heading-title elementor-size-default\">mentions<\/h1>\t\t\t\t<\/div>\n\t\t\t\t<\/div>\n\t\t\t\t<div class=\"elementor-element elementor-element-6e4b1e6 elementor-widget elementor-widget-text-editor\" data-id=\"6e4b1e6\" data-element_type=\"widget\" data-e-type=\"widget\" data-widget_type=\"text-editor.default\">\n\t\t\t\t<div class=\"elementor-widget-container\">\n\t\t\t\t\t\t\t\t\t<p><a href=\"https:\/\/www.revistaatlantica.com\/miguel-a-lopez\/\" target=\"_blank\" rel=\"noopener\"><strong><em>Arte, feminismos, comunidad. Modelos de trabajo colectivo en Centroam\u00e9rica<\/em><\/strong><\/a> by Miguel A. L\u00f3pez<\/p><p><a href=\"https:\/\/elpais.com\/babelia\/2022-10-25\/la-nueva-independencia-artistica-de-centroamerica.html\" target=\"_blank\" rel=\"noopener\"><strong><em>La nueva independencia (art\u00edstica) de Centroam\u00e9rica<\/em><\/strong><\/a> by Juan Jos\u00e9 Santos Matero<\/p><p><a href=\"https:\/\/laescuela.art\/es\/campus\/library\/mappings\/no-toda-escuela-es-una-escuela-arte-y-educacion-en-el-centro-de-america\" target=\"_blank\" rel=\"noopener\"><strong>No toda escuela es una escuela: arte y educaci\u00f3n en el centro de Am\u00e9rica<\/strong><\/a> by Mar\u00eda Paola Malavasi<\/p><p><a href=\"https:\/\/mitote.org\/plataforma-de-estrategias-de-apoyo-a-las-formas-docentes-en-la-profesionalizacion-de-las-artes-el-diseno-y-la-comunicacion-visual\/acciones-en-el-aula\/jornada-de-desintoxicacion\/\" target=\"_blank\" rel=\"noopener\"><strong><em>Jornada de desintoxicaci\u00f3n. Pausar para dudar<\/em><\/strong><\/a> by Grupo de Investigaci\u00f3n Mitote \u2013 Intervenciones Cr\u00edticas desde el Arte Contempor\u00e1neo (ICDAC)<\/p><p><a href=\"https:\/\/www.rio.latir.com.mx\/numero-3\/comunidades-temporarias-propuesta-para-organizar-colectividades\/\" target=\"_blank\" rel=\"noopener\"><strong>Comunidades temporarias: propuesta para organizar colectividades<\/strong><\/a> by Marga Sequeira Cabrera<\/p>\t\t\t\t\t\t\t\t<\/div>\n\t\t\t\t<\/div>\n\t\t\t\t<\/div>\n\t\t\t\t\t<\/div>\n\t\t\t\t<\/div>\n\t\t\t\t<\/div>\n\t\t\t\t<\/div>","protected":false},"excerpt":{"rendered":"<p>Somos un colectivo de gesti\u00f3n y mediaci\u00f3n cultural radicado en Costa Rica, integrado por Mariela Richmond Vargas, Marga Sequeira Cabrera y Catalina Tenorio Vargas. Trabajamos desde el a\u00f1o 2018 ideando, gestionando, investigando y mediando procesos participativos en contexto a partir del hacer transdisciplinar, integrando nuestros saberes en educaci\u00f3n, artes, feminismos, historia, antropolog\u00eda, gesti\u00f3n cultural, entre otros. <\/p>","protected":false},"author":1,"featured_media":164,"parent":0,"menu_order":0,"comment_status":"closed","ping_status":"closed","template":"elementor_header_footer","meta":{"_acf_changed":false,"nf_dc_page":"","footnotes":""},"class_list":["post-692","page","type-page","status-publish","has-post-thumbnail","hentry"],"acf":[],"_links":{"self":[{"href":"https:\/\/laruidosaoficina.com\/en\/wp-json\/wp\/v2\/pages\/692","targetHints":{"allow":["GET"]}}],"collection":[{"href":"https:\/\/laruidosaoficina.com\/en\/wp-json\/wp\/v2\/pages"}],"about":[{"href":"https:\/\/laruidosaoficina.com\/en\/wp-json\/wp\/v2\/types\/page"}],"author":[{"embeddable":true,"href":"https:\/\/laruidosaoficina.com\/en\/wp-json\/wp\/v2\/users\/1"}],"replies":[{"embeddable":true,"href":"https:\/\/laruidosaoficina.com\/en\/wp-json\/wp\/v2\/comments?post=692"}],"version-history":[{"count":5,"href":"https:\/\/laruidosaoficina.com\/en\/wp-json\/wp\/v2\/pages\/692\/revisions"}],"predecessor-version":[{"id":845,"href":"https:\/\/laruidosaoficina.com\/en\/wp-json\/wp\/v2\/pages\/692\/revisions\/845"}],"wp:featuredmedia":[{"embeddable":true,"href":"https:\/\/laruidosaoficina.com\/en\/wp-json\/wp\/v2\/media\/164"}],"wp:attachment":[{"href":"https:\/\/laruidosaoficina.com\/en\/wp-json\/wp\/v2\/media?parent=692"}],"curies":[{"name":"wp","href":"https:\/\/api.w.org\/{rel}","templated":true}]}}